{"id":6,"date":"2020-04-15T17:35:32","date_gmt":"2020-04-15T22:35:32","guid":{"rendered":"https:\/\/bhrmx.generadev.com\/?page_id=6"},"modified":"2020-04-15T17:35:32","modified_gmt":"2020-04-15T22:35:32","slug":"inicio","status":"publish","type":"page","link":"https:\/\/www.bhrmx.com\/en\/","title":{"rendered":"Inicio"},"content":{"rendered":"\n    <section id=\"home\">\n    \t<section id=\"slider-home\">\n    \t\t<div class=\"texto-slider\">\n    \t\t\t<img style=\"width:300px\" src=\"\/wp-content\/uploads\/images\/logo-bhr-azul.svg\"><br>\n    \t\t\t<img src=\"\/wp-content\/uploads\/images\/bhrmx-logo-sfai-morado02.png\" style=\"margin-top: 20px;width:300px\">\n\n    \t\t\t<h2>BUILDING THE FUTURE OF BUSINESS INTELLIGENCE<\/h2>\n    \t\t\t<h3>CERTIFIED PUBLIC ACCOUNTANTS, ATTORNEYS AT LAW AND CONSULTANTS<\/h3>\n\n    \t\t<\/div>\n    \t<\/section>\n    <\/section>\n\n    <section id=\"servicios1\">\n    \t<div class=\"texto-servicios1\">\n\t    \t<div class=\"col2-servicios1\">\n\n\t    \t<\/div>\n\t    \t<div class=\"col2-servicios1-icons\">\n\t\t    \t<a href=\"\/en\/assurance-y-auditoria\"><div class=\"icon-servicios\">\n\t\t    \t\t<div class=\"icon-borde\">\n\t\t    \t\t\t<div class=\"icon-borde2\">\n\t\t\t    \t\t\t<img src=\"\/wp-content\/uploads\/images\/bhrmx-ico-01.svg\">\n\t\t\t    \t\t<\/div>\n\t\t\t    \t<\/div>\n\t\t\t    \t<h2>ASSURANCE &<br>AUDIT<\/h2>\n\t\t\t    \t<p>Our team specialized in Audit, Transfer Pricing, Social Security, Government Services and Foreign Trade, in addition to know and perfectly apply the accounting standards and the applicable laws, is focused on detecting opportunity areas generating value and reliance in our clients business.<\/p>\n\t\t\t    \t<button>READ MORE<\/button>\n\t\t    \t<\/div><\/a>\n\t\t    \t<a href=\"\/en\/certidumbre-fiscal-penal\"><div class=\"icon-servicios\">\n\t\t    \t\t<div class=\"icon-borde\">\n\t\t    \t\t\t<div class=\"icon-borde2\">\n\t\t\t    \t\t\t<img src=\"\/wp-content\/uploads\/images\/bhrmx-ico-02.svg\">\n\t\t\t    \t\t<\/div>\n\t\t\t    \t<\/div>\n\t\t\t    \t<h2>LEGAL CERTAINTY<br> & TAXATION <\/h2>\n\t\t\t    \t<p>The companies and individuals have the need to protect their equity from conflicts of different authorities, therefore we have developed an integral service in which our tax, criminal and corporate risk teams work together.<\/b><\/p>\n\t\t\t    \t<button>READ MORE<\/button>\n\t\t    \t<\/div><\/a>\n\t\t    \t<a href=\"\/en\/forensic\"><div class=\"icon-servicios\">\n\t\t    \t\t<div class=\"icon-borde\">\n\t\t    \t\t\t<div class=\"icon-borde2\">\n\t\t\t    \t\t\t<img src=\"\/wp-content\/uploads\/images\/bhrmx-ico-03.svg\">\n\t\t\t    \t\t<\/div>\n\t\t\t    \t<\/div>\n\t\t\t    \t<h2>FORENSIC & <br>ANTI-MONEY LAUNDERING <\/h2>\n\t\t\t    \t<p>We have the technology and methods to support our clients in the prevention and detection of frauds. We advise with respect to the compliance of the PIORPI Law against money laundering.<\/p>\n\t\t\t    \t<button>READ MORE<\/button>\n\t\t    \t<\/div><\/a>\n\t\t    <\/div>\n\t    <\/div>\n    <\/section>\n\n    <section id=\"servicios2\">\n    \t<div class=\"texto-servicios2\">\n    \t\t<div class=\"col2-servicios2\">\n\t    \t<\/div>\n\t    \t<div class=\"col2-servicios2-icons\">\n\t\t    \t<a href=\"\/en\/finanzas\"><div class=\"icon-servicios2\">\n\t\t    \t\t<div class=\"icon-borde\">\n\t\t    \t\t\t<div class=\"icon-borde2\">\n\t\t\t    \t\t\t<img src=\"\/wp-content\/uploads\/images\/bhrmx-ico-04.svg\">\n\t\t\t    \t\t<\/div>\n\t\t\t    \t<\/div>\n\t\t\t    \t<h2>CORPORATE<br>FINANCE SERVICES<\/h2>\n\t\t\t    \t<p>Our services in Due Diligence and Purchasing Audit are supported by our substantial experience in finance and taxes, key elements for the correct and convenient decision making.<\/p>\n\t\t\t    \t<button>READ MORE<\/button>\n\t\t    \t<\/div><\/a>\n\t\t    \t<a href=\"\/en\/business-processing\"><div class=\"icon-servicios2\">\n\t\t    \t\t<div class=\"icon-borde\">\n\t\t    \t\t\t<div class=\"icon-borde2\">\n\t\t\t    \t\t\t<img src=\"\/wp-content\/uploads\/images\/bhrmx-ico-05.svg\">\n\t\t\t    \t\t<\/div>\n\t\t\t    \t<\/div>\n\t\t\t    \t<h2>BUSINESS PROCESSING<br>OUTSOURCING<\/h2>\n\t\t\t    \t<p>We support your company in essential activities that may be delegated to third parties, allowing you to focus on business management. Our services include: Accounting, Payroll, Outsourcing and Human Capital.<\/b><\/p>\n\t\t\t    \t<button>READ MORE<\/button>\n\t\t    \t<\/div><\/a>\n\t\t    \t<a href=\"\/en\/consultoria\"><div class=\"icon-servicios2\">\n\t\t    \t\t<div class=\"icon-borde\">\n\t\t    \t\t\t<div class=\"icon-borde2\">\n\t\t\t    \t\t\t<img src=\"\/wp-content\/uploads\/images\/bhrmx-ico-06.svg\">\n\t\t\t    \t\t<\/div>\n\t\t\t    \t<\/div>\n\t\t\t    \t<h2>CONSULTING<\/h2><br>\n\t\t\t    \t<p>We constantly search for alternatives and opportunities for our clients. We have the greatest possibilities of services in Corporate and Family Governance, Fixed Assets, Processes, Foreign Trade and Foreign Services.<\/b><\/p>\n\t\t\t    \t<button>READ MORE<\/button>\n\t\t    \t<\/div><\/a>\n\t\t    <\/div>\n\t    <\/div>\n    <\/section>\n\n    <section id=\"en-bhrmx\">\n    \t<div class=\"texto-en-bhrmx\">\n    \t\t<h2>WHY CHOOSE US?<\/h2>\n    \t\t<p>BHR Mexico is a multidisciplinary firm of specialists focused on protecting the equity of companies and shareholders as individuals, so we have established specialized areas complying with the laws and regulations, the tax and criminal certainty, generation of cash flow, totally focused on and complying with the companies\u2019 strategic plan.<\/p><br>\n    \t\t<p>Our participation by sectors is recognized by global clients and by international agencies because we professionally balance the experience and innovation with an organizational culture in social responsibility.<\/p><br>\n\t\t\t<p>We fully comply with standard ISO 9001:20015 in quality management system granted by Societ\u00e9 G\u00e9n\u00e9rale de Surveillance and internationally accredited by ANSI-ASQ National Accreditation Board (ANAB) in Accounting, Payroll, Human Capital, Management and Systems areas.<\/p>\n\n    \t\t<a href=\"\">READ MORE<\/a>\n    \t<\/div>\n    <\/section>\n\n    <section id=\"topten\">\n    \t<div class=\"texto-topten\">\n    \t\t<div class=\"img-topten\">\n    \t\t\t<img style=\"width:180px\" src=\"\/wp-content\/uploads\/images\/logo-ANAB-Acredited.svg\">\n    \t\t<\/div>\n    \t\t<div class=\"txt-topten\">\n    \t\t\t<h2><b>BHR is ranked at the 10 most important Firms of Certified Public Accountant and Advisory in Mexico according to the London International Accounting Bulletin (IAB).<\/h2>\n    \t\t<\/div>\n    \t<\/div>\n    <\/section>\n\n    <section id=\"presencia-nac\">\n    \t<div class=\"texto-presencia\">\n\t    \t<div class=\"col2-img-presencia\">\n\t    \t\t<img src=\"\/wp-content\/uploads\/images\/bhrmx-mapnac-01.png\">\n\t    \t<\/div>\n\t    \t<div class=\"col2-txt-presencia\">\n\t    \t\t<h2>NATIONAL PRESENCE<\/h2>\n\t    \t\t<h3>IN MEXICO WE HAVE:<\/h3>\n\t    \t\t<div>\n\t\t    \t\t<div class=\"col3-txt-presencia\">\n\t\t    \t\t\t<h2>19<\/h2>\n\t\t    \t\t\t<h3>OFFICES<\/h3>\n\t\t    \t\t<\/div>\n\t\t    \t\t<div class=\"col3-txt-presencia\">\n\t\t    \t\t\t<h2>50<\/h2>\n\t\t    \t\t\t<h3>PARTNERS<\/h3>\n\t\t    \t\t<\/div>\t    \t\t\n\t\t    \t\t<div class=\"col3-txt-presencia\">\n\t\t    \t\t\t<h2>+500<\/h2>\n\t\t    \t\t\t<h3>TEAM MEMBERS<\/h3>\n\t\t    \t\t<\/div>\n\t\t    \t<\/div>\n\t\t    \t<div>\n\t\t\t\t<div class=\"col3-ofi-presencia\">\n\t    \t\t\t<div class=\"oficinas-presencia\">\n\t\t\t\t\t\t<a href=\"\/en\/presencia-nacional\"><li>CIUDAD DE M\u00c9XICO<\/li><\/a>\n\t\t\t\t\t\t<a href=\"\/en\/presencia-nacional\/?city=baja-calif-sur\"><li>BAJA CALIFORNIA SUR<\/li><\/a>\n\t\t\t\t\t\t<a href=\"\/en\/presencia-nacional\/?city=tijuana\"><li>TIJUANA<\/li><\/a>\n\t\t\t\t\t\t<a href=\"\/en\/presencia-nacional\/?city=mexicali\"><li>MEXICALI<\/li><\/a>\n\t\t\t\t\t\t<a href=\"\/en\/presencia-nacional\/?city=rio\"><li>SAN LUIS R\u00cdO COLORADO<\/li><\/a>\n\t\t\t\t\t\t<a href=\"\/en\/presencia-nacional\/?city=nogales\"><li>NOGALES<\/li><\/a>\n\t\t\t\t\t\t<a href=\"\/en\/presencia-nacional\/?city=hermosillo\"><li>HERMOSILLO<\/li><\/a>\n\t    \t\t\t<\/div>\n\t    \t\t<\/div>\n\t\t\t\t<div class=\"col3-ofi-presencia\">\n\t    \t\t\t<div class=\"oficinas-presencia\">\n\t\t\t\t\t\t<a href=\"\/en\/presencia-nacional\/?city=obregon\"><li>CIUDAD OBREG\u00d3N<\/li><\/a>\n\t\t\t\t\t\t<a href=\"\/en\/presencia-nacional\/?city=mochis\"><li>LOS MOCHIS<\/li><\/a>\n\t\t\t\t\t\t<a href=\"\/en\/presencia-nacional\/?city=culiacan\"><li>CULIAC\u00c1N<\/li><\/a>\n\t\t\t\t\t\t<a href=\"\/en\/presencia-nacional\/?city=mazatlan\"><li>MAZATL\u00c1N<\/li><\/a>\n\t\t\t\t\t\t<a href=\"\/en\/presencia-nacional\/?city=monterrey\"><li>MONTERREY<\/li><\/a>\n\t\t\t\t\t\t<a href=\"\/en\/presencia-nacional\/?city=guadalajara\"><li>GUADALAJARA<\/li><\/a>\n\t    \t\t\t<\/div>\n\t    \t\t<\/div>\n\t\t\t\t<div class=\"col3-ofi-presencia\">\n\t    \t\t\t<div class=\"oficinas-presencia\">\n\t\t\t\t\t\t<a href=\"\/en\/presencia-nacional\/?city=aguascalientes\"><li>AGUASCALIENTES<\/li><\/a>\n\t\t\t\t\t\t<a href=\"\/en\/presencia-nacional\/?city=queretaro\"><li>QUER\u00c9TARO<\/li><\/a>\n\t\t\t\t\t\t<a href=\"\/en\/presencia-nacional\/?city=celaya\"><li>CELAYA<\/li><\/a>\n\t\t\t\t\t\t<a href=\"\/en\/presencia-nacional\/?city=puebla\"><li>PUEBLA<\/li><\/a>\n\t\t\t\t\t\t<a href=\"\/en\/presencia-nacional\/?city=villahermosa\"><li>VILLAHERMOSA<\/li><\/a>\n\t\t\t\t\t\t<a href=\"\/en\/presencia-nacional\/?city=merida\"><li>M\u00c9RIDA<\/li><\/a>\n\t    \t\t\t<\/div>\n\t    \t\t<\/div>    \t\t\n\t    \t<\/div>\n\t    <\/div>\n\n    <\/section>\n\n    <section id=\"sfai\">\n    \t<div class=\"texto-sfai\">\n    \t\t<div class=\"col4-sfai-txt\">\n    \t\t\t<h1>International Presence<\/h1>\n\t    \t\t<h2><b>SFAI<\/b> is ranked No. 17 in the world ranking as Advisory Firm with a network of 12,060 team members, more than 270 offices and presence in 9 countries of Africa, 26 countries of Asia, 23 countries of America and 18 countries in Europa.<\/h2>\n\t    \t<\/div>\n    \t\t<div class=\"col4-sfai-img\">\n\t\t    \t<div class=\"col4-sfai\">\n\t\t    \t\t<img src=\"\/wp-content\/uploads\/images\/bhrmx-logo-sfai-color2.png\">\n\t\t    \t<\/div>\n\t\t    \t<div class=\"col4-sfai\">\n\t\t    \t\t<img src=\"\/wp-content\/uploads\/images\/bhrmx-logo-ifac-color.png\">\n\t\t    \t<\/div>\n\t\t    \t<div class=\"col4-sfai\">\n\t\t    \t\t<img src=\"\/wp-content\/uploads\/images\/bhrmx-logo-forum-color.png\">\n\t\t    \t<\/div>\n\t    \t<\/div>\n\t    <\/div>\n    <\/section>\n\n    <section id=\"brochure\">\n    \t<div class=\"texto-brochure\">\n    \t\t<div class=\"col1-brochure\">\n    \t\t\t<h2>Brochure<\/h2>\n    \t\t\t<h3>DOWNLOAD THE BROCHURE AND READ MORE ABOUT OUR SERVICES<\/h3>\n    \t\t\t<a href=\"https:\/\/bhrmx.com\/en\/wp-content\/uploads\/images\/brochure_bhr.pdf\" target=\"_blank\">DOWNLOAD NOW!<\/a>\n    \t\t<\/div>\n    \t<\/div>\n    <\/section>\n\n    <section id=\"partnerships\">\n    \t<div class=\"texto-partner\">\n    \t\t<h2>Worldwide Partnerships<\/h2>\n    \t\t<h3>We generate a constant value to strengthen the Business Management of Our Clients.<\/h3>\n    \t\t<div class=\"col3-partner\">\n    \t\t\t<div class=\"img-partner\">\n    \t\t\t\t<img style=\"width:240px\" src=\"\/wp-content\/uploads\/images\/logo-Alliance-Accounting-Consulting.svg\">\n    \t\t\t<\/div>\n    \t\t\t<!--<h2>Assia Alliance Partner Co.<\/h2>\n    \t\t\t<h3>PR\u00c1CTICA JAPONESA<\/h3>\n    \t\t\t<p>Hemos dedicado esfuerzos a diversificar nuestro mercado incorporando la pr\u00e1ctica japoneas.<\/p>-->\n    \t\t\t<a href=\"\/en\/partnership\">READ MORE<\/a>\n    \t\t<\/div>\n    \t\t<div class=\"col3-partner\">\n    \t\t\t<div class=\"img-partner\">\n    \t\t\t\t<img style=\"width:240px\" src=\"\/wp-content\/uploads\/images\/Logo-Positive-Anticorruption-Systems.svg\">\n    \t\t\t<\/div>\n    \t\t\t<!--<h2>Positive<\/h2>\n    \t\t\t<h3>ANTICORRUPTION SYSTEMS<\/h3>\n    \t\t\t<p>Proporcionar un verdadero cambio social en al organizaci\u00f3n, mediante el reconocimiento del bien.<\/p>-->\n    \t\t\t<a href=\"\/en\/partnership\">READ MORE<\/a>\n    \t\t<\/div>    \t\n    \t<\/div>\n    <\/section>\n\n\n    <section id=\"contacto\">\n    \t<div class=\"texto-contacto\">\n    \t\t<h2>Contact Us<\/h2>\n    \t\t<div class=\"col2-contacto-form\">\n    \t\t\t<div class=\"forma-contacto\">\n    \t\t\t\t<iframe id=\"blue-contact\" width=\"540\" height=\"950\" src=\"https:\/\/3d817231.sibforms.com\/serve\/MUIEAKbAQC66BdfwML8Wn0a1ZfW9gDOmtEc8M1pgruuvjwwFItstMY4TEbzpZM-jv4047isvkbcaA2M9l7rUMRxzUsPPHrNQoWCiWE4DsSRc_lb_aCo66SHD_yuSImKXvCM8d5OqSsItGuyBPpuj3wBCpTEx1cHI3toiRGMSggCaY1oxk1_ToRxA1HeFxAWzo-PlBfID7X8l6eVq\" frameborder=\"0\" scrolling=\"auto\" allowfullscreen style=\"display: block;margin-left: auto;margin-right: auto;max-width: 100%;\"><\/iframe>\n    \t\t\t\t<!--\n    \t\t\t\t<form id=\"forma-contacto-home\" action=\"post\">\n    \t\t\t\t\t<input type=\"text\" id=\"nombre\" name=\"nombre\" placeholder=\"Nombre\" required>\n    \t\t\t\t\t<input type=\"text\" id=\"empresa\" name=\"empresa\" placeholder=\"Empresa\" required>\n    \t\t\t\t\t<input type=\"email\" id=\"email\" name=\"email\" placeholder=\"Email\" required>\n    \t\t\t\t\t<input type=\"text\" id=\"telefono\" name=\"telefono\" placeholder=\"Tel\u00e9fono\" required>\n    \t\t\t\t\t<input type=\"submit\" id=\"submit\" name=\"enviar\" onclick=\"enviacorreo();\" value=\"Enviar\">\n    \t\t\t\t<\/form> -->\n    \t\t\t\t<div id=\"enviado\"><\/div>\n    \t\t\t<\/div>\n    \t\t<\/div>\n    \t\t<div class=\"forma-direccion\" style=\"margin-top:80px\">\n    \t\t\t\t<h3>M\u00e9xico Office<\/h3>\n    \t\t\t\t<p>Av. Insurgentes Sur 1898 piso 15<\/p>\n\t\t\t\t\t<p>Col. Florida. Alc. \u00c1lvaro Obreg\u00f3n.<\/p>\n\t\t\t\t\t<p>C.P. 01030 M\u00e9xico, CDMX<\/p>\n\t\t\t\t\t<p>Tel. <a style=\"color:#003865\" href=\"Tel:+525554477400\">+52 55 54 47 74 00<\/a><\/p>\n\t    \t\t<div class=\"col2-contacto-redes\">\n\t    \t\t\t<h3>Follow Us:<\/h3>\n\t    \t\t\t<a href=\"https:\/\/www.linkedin.com\/company\/67346719\" target=\"_blank\"><img src=\"\/wp-content\/uploads\/images\/rs-bhr mexico-08.svg\"><\/a>\n\t    \t\t\t<a href=\"https:\/\/www.instagram.com\/bhrmexico\/\" target=\"_blank\"><img src=\"\/wp-content\/uploads\/images\/rs-bhr mexico-09.svg\"><\/a>\n\t    \t\t\t<a href=\"https:\/\/www.youtube.com\/user\/0BHREWMX0\" target=\"_blank\"><img src=\"\/wp-content\/uploads\/images\/rs-bhr mexico-10.svg\"><\/a>\n\t    \t\t\t<a href=\"https:\/\/twitter.com\/BHRmexico\" target=\"_blank\"><img src=\"\/wp-content\/uploads\/images\/rs-bhr mexico-11.svg\"><\/a>\n\t    \t\t\t<a href=\"https:\/\/www.facebook.com\/BHRmexico\" target=\"_blank\"><img src=\"\/wp-content\/uploads\/images\/rs-bhr mexico-12.svg\"><\/a>\n\t    \t\t<\/div>\n\t    \t<\/div>\n    \t<\/div>\n    <\/section>\n\n\n    <section id=\"empleo\">\n     \t<div class=\"texto-empleo\">\n    \t\t<div class=\"col2-empleo-form\">\n    \t\t\t<h2>Employee Opportunities<\/h2>\n    \t\t\t<h3>Join us and be yourself!<\/h3>\n    \t\t\t<div class=\"forma-empleo-txt\">\n    \t\t\t\t<h4>An open invitation for open-minded people<\/h4>\n    \t\t\t\t<p>Come to BHR M\u00e9xico, where the creativity of people meet to prepare the road to innovation and technology of advisory. Here, the company will not only be part of you, you will be part of the company.<\/p>\n    \t\t\t\t<br>\n    \t\t\t\t<p><b>Discover.<\/b> Introduce yourself and we will contact you if there is a good position for you.<\/p>\n    \t\t\t<\/div>\n    \t\t\t<div class=\"forma-empleo-form\">\n    \t\t\t\t<form id=\"forma-empleo-home\" action=\"post\">\n    \t\t\t\t\t<input type=\"text\" name=\"nombre-empleo\" placeholder=\"Name\" required>\n    \t\t\t\t\t<input type=\"email\" name=\"email-empleo\" placeholder=\"Email\" required>\n    \t\t\t\t\t<input type=\"text\" name=\"telefono-empleo\" placeholder=\"Telephone\" required>\n    \t\t\t\t\t<input type=\"submit\" name=\"enviar-empleo\" onclick=\"enviacorreo();\" value=\"ATTACH YOUR CV\">\n    \t\t\t\t<\/form>\n    \t\t\t<\/div>\n    \t\t<\/div>\n    \t\t<div class=\"col2-empleo-img\">\n    \t\t<\/div>\n    \t<\/div>\n    <\/section>\n\n\n    <section id=\"mapa\">\n    \t<iframe src=\"https:\/\/www.google.com\/maps\/embed?pb=!1m18!1m12!1m3!1d3764.3578235545183!2d-99.18733068463504!3d19.353653048214355!2m3!1f0!2f0!3f0!3m2!1i1024!2i768!4f13.1!3m3!1m2!1s0x85ce007806a92ca1%3A0xc24a4c080e146c79!2sBHR%20Enterprise%20Worldwide%20Mexico!5e0!3m2!1sen!2smx!4v1589321936041!5m2!1sen!2smx\" width=\"100%\" height=\"380\" frameborder=\"0\" style=\"border:0;\" allowfullscreen=\"\" aria-hidden=\"false\" tabindex=\"0\"><\/iframe>\n    <\/section>\n\n    \n","protected":false},"excerpt":{"rendered":"","protected":false},"author":1,"featured_media":0,"parent":0,"menu_order":0,"comment_status":"closed","ping_status":"closed","template":"","meta":[],"_links":{"self":[{"href":"https:\/\/www.bhrmx.com\/en\/wp-json\/wp\/v2\/pages\/6"}],"collection":[{"href":"https:\/\/www.bhrmx.com\/en\/wp-json\/wp\/v2\/pages"}],"about":[{"href":"https:\/\/www.bhrmx.com\/en\/wp-json\/wp\/v2\/types\/page"}],"author":[{"embeddable":true,"href":"https:\/\/www.bhrmx.com\/en\/wp-json\/wp\/v2\/users\/1"}],"replies":[{"embeddable":true,"href":"https:\/\/www.bhrmx.com\/en\/wp-json\/wp\/v2\/comments?post=6"}],"version-history":[{"count":1,"href":"https:\/\/www.bhrmx.com\/en\/wp-json\/wp\/v2\/pages\/6\/revisions"}],"predecessor-version":[{"id":7,"href":"https:\/\/www.bhrmx.com\/en\/wp-json\/wp\/v2\/pages\/6\/revisions\/7"}],"wp:attachment":[{"href":"https:\/\/www.bhrmx.com\/en\/wp-json\/wp\/v2\/media?parent=6"}],"curies":[{"name":"wp","href":"https:\/\/api.w.org\/{rel}","templated":true}]}}